{"id":125,"date":"2016-10-13T10:04:16","date_gmt":"2016-10-13T08:04:16","guid":{"rendered":"http:\/\/boulangeriedagneux.fr\/?page_id=125"},"modified":"2022-07-01T10:24:21","modified_gmt":"2022-07-01T08:24:21","slug":"boulangerie-des-tilleuls-dagneux","status":"publish","type":"page","link":"https:\/\/boulangeriedagneux.fr\/index.php\/boulangerie-des-tilleuls-dagneux\/","title":{"rendered":"CONTACTS"},"content":{"rendered":"\n<p class=\"has-text-align-left\"><strong>BOULANGERIE DES TILLEULS<\/strong><\/p>\n\n\n\n<p class=\"has-text-align-left\">Eric et Sigrid FERRAND<\/p>\n\n\n\n<p class=\"has-text-align-left\">44 place des tilleuls<\/p>\n\n\n\n<p class=\"has-text-align-left\">01120 DAGNEUX<\/p>\n\n\n\n<p class=\"has-text-align-left\"><strong>04 78 06 82 67<\/strong><\/p>\n\n\n\n<p><iframe loading=\"lazy\" style=\"border: 0;\" src=\"https:\/\/www.google.com\/maps\/embed?pb=!1m14!1m8!1m3!1d1389.5042633005257!2d5.0755509035674296!3d45.85112866545245!3m2!1i1024!2i768!4f13.1!3m3!1m2!1s0x0%3A0x4ddde19ccf56b0b2!2sBoulangerie+des+Tilleuls!5e0!3m2!1sfr!2sfr!4v1476350092590\" allowfullscreen=\"allowfullscreen\" width=\"600\" height=\"450\" frameborder=\"0\"><\/iframe><\/p>\n\n\n\n<p><span style=\"text-decoration: underline;\">Photos<\/span> : Jean-Luc BUSQUET<\/p>\n\n\n\n<p><span style=\"text-decoration: underline;\">Siret<\/span> : 75255597900018<\/p>\n\n\n\n<p>Site h\u00e9berg\u00e9 par OVH<\/p>\n","protected":false},"excerpt":{"rendered":"<p>BOULANGERIE DES TILLEULS Eric et Sigrid FERRAND 44 place des tilleuls 01120 DAGNEUX 04 78 06 82 67 Photos : Jean-Luc BUSQUET Siret : 75255597900018 Site h\u00e9berg\u00e9 par OVH<\/p>\n<p> <a class=\"continue-reading-link\" href=\"https:\/\/boulangeriedagneux.fr\/index.php\/boulangerie-des-tilleuls-dagneux\/\"><span>Continuer \u00e0 lire<\/span><i class=\"crycon-right-dir\"><\/i><\/a> <\/p>\n","protected":false},"author":1,"featured_media":0,"parent":0,"menu_order":0,"comment_status":"closed","ping_status":"closed","template":"","meta":{"_exactmetrics_skip_tracking":false,"_exactmetrics_sitenote_active":false,"_exactmetrics_sitenote_note":"","_exactmetrics_sitenote_category":0,"ngg_post_thumbnail":0,"footnotes":""},"class_list":["post-125","page","type-page","status-publish","hentry"],"yoast_head":"<!-- This site is optimized with the Yoast SEO plugin v27.4 - https:\/\/yoast.com\/product\/yoast-seo-wordpress\/ -->\n<title>Boulangerie Des Tilleuls \u00e0 Dagneux proche de Bressolles, Balan, Nievroz..<\/title>\n<meta name=\"description\" content=\"Boulangerie Des Tilleuls situ\u00e9e \u00e0 Dagneux,proche de Bressolles, Balan et Ni\u00e9vroz... : pains, p\u00e2tisseries, g\u00e2teaux anniversaire, pi\u00e8ces mont\u00e9es, traiteur...\" \/>\n<meta name=\"robots\" content=\"index, follow, max-snippet:-1, max-image-preview:large, max-video-preview:-1\" \/>\n<link rel=\"canonical\" href=\"https:\/\/boulangeriedagneux.fr\/index.php\/boulangerie-des-tilleuls-dagneux\/\" \/>\n<meta property=\"og:locale\" content=\"fr_FR\" \/>\n<meta property=\"og:type\" content=\"article\" \/>\n<meta property=\"og:title\" content=\"Boulangerie Des Tilleuls \u00e0 Dagneux proche de Bressolles, Balan, Nievroz..\" \/>\n<meta property=\"og:description\" content=\"Boulangerie Des Tilleuls situ\u00e9e \u00e0 Dagneux,proche de Bressolles, Balan et Ni\u00e9vroz... : pains, p\u00e2tisseries, g\u00e2teaux anniversaire, pi\u00e8ces mont\u00e9es, traiteur...\" \/>\n<meta property=\"og:url\" content=\"https:\/\/boulangeriedagneux.fr\/index.php\/boulangerie-des-tilleuls-dagneux\/\" \/>\n<meta property=\"og:site_name\" content=\"BOULANGERIE DES TILLEULS\" \/>\n<meta property=\"article:modified_time\" content=\"2022-07-01T08:24:21+00:00\" \/>\n<meta name=\"twitter:card\" content=\"summary_large_image\" \/>\n<meta name=\"twitter:label1\" content=\"Dur\u00e9e de lecture estim\u00e9e\" \/>\n\t<meta name=\"twitter:data1\" content=\"1 minute\" \/>\n<script type=\"application\/ld+json\" class=\"yoast-schema-graph\">{\"@context\":\"https:\\\/\\\/schema.org\",\"@graph\":[{\"@type\":\"WebPage\",\"@id\":\"https:\\\/\\\/boulangeriedagneux.fr\\\/index.php\\\/boulangerie-des-tilleuls-dagneux\\\/\",\"url\":\"https:\\\/\\\/boulangeriedagneux.fr\\\/index.php\\\/boulangerie-des-tilleuls-dagneux\\\/\",\"name\":\"Boulangerie Des Tilleuls \u00e0 Dagneux proche de Bressolles, Balan, Nievroz..\",\"isPartOf\":{\"@id\":\"https:\\\/\\\/boulangeriedagneux.fr\\\/#website\"},\"datePublished\":\"2016-10-13T08:04:16+00:00\",\"dateModified\":\"2022-07-01T08:24:21+00:00\",\"description\":\"Boulangerie Des Tilleuls situ\u00e9e \u00e0 Dagneux,proche de Bressolles, Balan et Ni\u00e9vroz... : pains, p\u00e2tisseries, g\u00e2teaux anniversaire, pi\u00e8ces mont\u00e9es, traiteur...\",\"breadcrumb\":{\"@id\":\"https:\\\/\\\/boulangeriedagneux.fr\\\/index.php\\\/boulangerie-des-tilleuls-dagneux\\\/#breadcrumb\"},\"inLanguage\":\"fr-FR\",\"potentialAction\":[{\"@type\":\"ReadAction\",\"target\":[\"https:\\\/\\\/boulangeriedagneux.fr\\\/index.php\\\/boulangerie-des-tilleuls-dagneux\\\/\"]}]},{\"@type\":\"BreadcrumbList\",\"@id\":\"https:\\\/\\\/boulangeriedagneux.fr\\\/index.php\\\/boulangerie-des-tilleuls-dagneux\\\/#breadcrumb\",\"itemListElement\":[{\"@type\":\"ListItem\",\"position\":1,\"name\":\"Accueil\",\"item\":\"https:\\\/\\\/boulangeriedagneux.fr\\\/\"},{\"@type\":\"ListItem\",\"position\":2,\"name\":\"CONTACTS\"}]},{\"@type\":\"WebSite\",\"@id\":\"https:\\\/\\\/boulangeriedagneux.fr\\\/#website\",\"url\":\"https:\\\/\\\/boulangeriedagneux.fr\\\/\",\"name\":\"BOULANGERIE DES TILLEULS\",\"description\":\"Eric et Sigrid FERRAND\",\"potentialAction\":[{\"@type\":\"SearchAction\",\"target\":{\"@type\":\"EntryPoint\",\"urlTemplate\":\"https:\\\/\\\/boulangeriedagneux.fr\\\/?s={search_term_string}\"},\"query-input\":{\"@type\":\"PropertyValueSpecification\",\"valueRequired\":true,\"valueName\":\"search_term_string\"}}],\"inLanguage\":\"fr-FR\"}]}<\/script>\n<!-- \/ Yoast SEO plugin. -->","yoast_head_json":{"title":"Boulangerie Des Tilleuls \u00e0 Dagneux proche de Bressolles, Balan, Nievroz..","description":"Boulangerie Des Tilleuls situ\u00e9e \u00e0 Dagneux,proche de Bressolles, Balan et Ni\u00e9vroz... : pains, p\u00e2tisseries, g\u00e2teaux anniversaire, pi\u00e8ces mont\u00e9es, traiteur...","robots":{"index":"index","follow":"follow","max-snippet":"max-snippet:-1","max-image-preview":"max-image-preview:large","max-video-preview":"max-video-preview:-1"},"canonical":"https:\/\/boulangeriedagneux.fr\/index.php\/boulangerie-des-tilleuls-dagneux\/","og_locale":"fr_FR","og_type":"article","og_title":"Boulangerie Des Tilleuls \u00e0 Dagneux proche de Bressolles, Balan, Nievroz..","og_description":"Boulangerie Des Tilleuls situ\u00e9e \u00e0 Dagneux,proche de Bressolles, Balan et Ni\u00e9vroz... : pains, p\u00e2tisseries, g\u00e2teaux anniversaire, pi\u00e8ces mont\u00e9es, traiteur...","og_url":"https:\/\/boulangeriedagneux.fr\/index.php\/boulangerie-des-tilleuls-dagneux\/","og_site_name":"BOULANGERIE DES TILLEULS","article_modified_time":"2022-07-01T08:24:21+00:00","twitter_card":"summary_large_image","twitter_misc":{"Dur\u00e9e de lecture estim\u00e9e":"1 minute"},"schema":{"@context":"https:\/\/schema.org","@graph":[{"@type":"WebPage","@id":"https:\/\/boulangeriedagneux.fr\/index.php\/boulangerie-des-tilleuls-dagneux\/","url":"https:\/\/boulangeriedagneux.fr\/index.php\/boulangerie-des-tilleuls-dagneux\/","name":"Boulangerie Des Tilleuls \u00e0 Dagneux proche de Bressolles, Balan, Nievroz..","isPartOf":{"@id":"https:\/\/boulangeriedagneux.fr\/#website"},"datePublished":"2016-10-13T08:04:16+00:00","dateModified":"2022-07-01T08:24:21+00:00","description":"Boulangerie Des Tilleuls situ\u00e9e \u00e0 Dagneux,proche de Bressolles, Balan et Ni\u00e9vroz... : pains, p\u00e2tisseries, g\u00e2teaux anniversaire, pi\u00e8ces mont\u00e9es, traiteur...","breadcrumb":{"@id":"https:\/\/boulangeriedagneux.fr\/index.php\/boulangerie-des-tilleuls-dagneux\/#breadcrumb"},"inLanguage":"fr-FR","potentialAction":[{"@type":"ReadAction","target":["https:\/\/boulangeriedagneux.fr\/index.php\/boulangerie-des-tilleuls-dagneux\/"]}]},{"@type":"BreadcrumbList","@id":"https:\/\/boulangeriedagneux.fr\/index.php\/boulangerie-des-tilleuls-dagneux\/#breadcrumb","itemListElement":[{"@type":"ListItem","position":1,"name":"Accueil","item":"https:\/\/boulangeriedagneux.fr\/"},{"@type":"ListItem","position":2,"name":"CONTACTS"}]},{"@type":"WebSite","@id":"https:\/\/boulangeriedagneux.fr\/#website","url":"https:\/\/boulangeriedagneux.fr\/","name":"BOULANGERIE DES TILLEULS","description":"Eric et Sigrid FERRAND","potentialAction":[{"@type":"SearchAction","target":{"@type":"EntryPoint","urlTemplate":"https:\/\/boulangeriedagneux.fr\/?s={search_term_string}"},"query-input":{"@type":"PropertyValueSpecification","valueRequired":true,"valueName":"search_term_string"}}],"inLanguage":"fr-FR"}]}},"_links":{"self":[{"href":"https:\/\/boulangeriedagneux.fr\/index.php\/wp-json\/wp\/v2\/pages\/125","targetHints":{"allow":["GET"]}}],"collection":[{"href":"https:\/\/boulangeriedagneux.fr\/index.php\/wp-json\/wp\/v2\/pages"}],"about":[{"href":"https:\/\/boulangeriedagneux.fr\/index.php\/wp-json\/wp\/v2\/types\/page"}],"author":[{"embeddable":true,"href":"https:\/\/boulangeriedagneux.fr\/index.php\/wp-json\/wp\/v2\/users\/1"}],"replies":[{"embeddable":true,"href":"https:\/\/boulangeriedagneux.fr\/index.php\/wp-json\/wp\/v2\/comments?post=125"}],"version-history":[{"count":15,"href":"https:\/\/boulangeriedagneux.fr\/index.php\/wp-json\/wp\/v2\/pages\/125\/revisions"}],"predecessor-version":[{"id":1034,"href":"https:\/\/boulangeriedagneux.fr\/index.php\/wp-json\/wp\/v2\/pages\/125\/revisions\/1034"}],"wp:attachment":[{"href":"https:\/\/boulangeriedagneux.fr\/index.php\/wp-json\/wp\/v2\/media?parent=125"}],"curies":[{"name":"wp","href":"https:\/\/api.w.org\/{rel}","templated":true}]}}