{"id":113,"date":"2016-10-13T09:54:56","date_gmt":"2016-10-13T07:54:56","guid":{"rendered":"http:\/\/boulangeriedagneux.fr\/?page_id=113"},"modified":"2021-11-08T14:17:08","modified_gmt":"2021-11-08T13:17:08","slug":"traiteur-sandwich-formule-repas-evenement-dagneux","status":"publish","type":"page","link":"https:\/\/boulangeriedagneux.fr\/index.php\/traiteur-sandwich-formule-repas-evenement-dagneux\/","title":{"rendered":"TRAITEUR"},"content":{"rendered":"\n<figure class=\"wp-block-image\"><img loading=\"lazy\" decoding=\"async\" width=\"500\" height=\"200\" src=\"https:\/\/boulangeriedagneux.fr\/wp-content\/uploads\/2016\/10\/IMG_6630-web.jpg\" alt=\"img_6630-web\" class=\"wp-image-291\" srcset=\"https:\/\/boulangeriedagneux.fr\/wp-content\/uploads\/2016\/10\/IMG_6630-web.jpg 500w, https:\/\/boulangeriedagneux.fr\/wp-content\/uploads\/2016\/10\/IMG_6630-web-300x120.jpg 300w, https:\/\/boulangeriedagneux.fr\/wp-content\/uploads\/2016\/10\/IMG_6630-web-250x100.jpg 250w, https:\/\/boulangeriedagneux.fr\/wp-content\/uploads\/2016\/10\/IMG_6630-web-150x60.jpg 150w\" sizes=\"auto, (max-width: 500px) 100vw, 500px\" \/><\/figure>\n\n\n\n<p>Tous les jours, La Boulangerie Des Tilleuls vous propose une <strong>restauration rapide<\/strong> avec ses <strong>sandwichs, quiches, pizzas<\/strong> et autres <strong>encas<\/strong> \u00e0 emporter&#8230; Nous vous conseillons de profiter de l&rsquo;une de nos <strong>4<\/strong> <strong>formules repas <\/strong>\u00e0 d\u00e9couvrir sur place.<\/p>\n\n\n\n<p><\/p>\n\n\n\n<h3 class=\"wp-block-heading\"><span style=\"color: #ff0000;\">NOS SANDWICHS :<\/span> <\/h3>\n\n\n\n<p><strong>Les classiques<\/strong> : Fermier, Lyonnais, Parisien&#8230;<\/p>\n\n\n\n<p><strong>Les sp\u00e9ciaux<\/strong> : Tex Mex, Montagnard, Am\u00e9ricain&#8230;<\/p>\n\n\n\n<p><strong>Pan Bagnat<\/strong><\/p>\n\n\n\n<p><strong>Paninis<\/strong><\/p>\n\n\n\n<p><strong>Wraps<\/strong><\/p>\n\n\n\n<p><strong>Polar&#8230;<\/strong> <\/p>\n\n\n\n<p><strong>\u00ab\u00a0LE SANDWICH DU MOIS\u00a0\u00bb:<\/strong>\u00a0A partir du\u00a01er de chaque\u00a0mois, un nouveau <strong>sandwich<\/strong> \u00e0 d\u00e9couvrir.<\/p>\n\n\n\n<p><\/p>\n\n\n\n<h3 class=\"wp-block-heading\"><span style=\"color: #ff0000;\">NOS QUICHES, PIZZAS&#8230; :<\/span> <\/h3>\n\n\n\n<p>Chaque jour, nous confectionnons diff\u00e9rentes <strong>quiches<\/strong> (Lorraine, Thon&#8230;) et<strong> pizzas<\/strong> (Fromage, Jambon, Chorizo&#8230;).\u00a0Retrouvez \u00e9galement nos <strong>croissants au jambon, tartines grill\u00e9es<\/strong>&#8230;<\/p>\n\n\n\n<p><\/p>\n\n\n\n<h3 class=\"has-text-color wp-block-heading\" style=\"color:#fa0d20\">UN EVENEMENT ? <\/h3>\n\n\n\n<p>Nous pr\u00e9parons&nbsp;des <strong>plaques de quiches, pizzas, tarte \u00e0 l&rsquo;oignon, Bressane, tarte aux pommes<\/strong>&#8230;. Mais \u00e9galement <strong>feuillet\u00e9s ap\u00e9ritifs<\/strong>, <strong>navettes \u00e0 garnir<\/strong>&#8230; Nous pouvons \u00e9tablir&nbsp;un&nbsp;<strong>devis<\/strong> sur simple demande en magasin.<\/p>\n","protected":false},"excerpt":{"rendered":"<p>Tous les jours, La Boulangerie Des Tilleuls vous propose une restauration rapide avec ses sandwichs, quiches, pizzas et autres encas \u00e0 emporter&#8230; Nous vous conseillons de profiter de l&rsquo;une de nos 4 formules repas \u00e0 d\u00e9couvrir sur place. NOS SANDWICHS : Les classiques : Fermier, Lyonnais, Parisien&#8230; Les sp\u00e9ciaux :\u2026<\/p>\n<p> <a class=\"continue-reading-link\" href=\"https:\/\/boulangeriedagneux.fr\/index.php\/traiteur-sandwich-formule-repas-evenement-dagneux\/\"><span>Continuer \u00e0 lire<\/span><i class=\"crycon-right-dir\"><\/i><\/a> <\/p>\n","protected":false},"author":1,"featured_media":0,"parent":0,"menu_order":2,"comment_status":"closed","ping_status":"closed","template":"","meta":{"_exactmetrics_skip_tracking":false,"_exactmetrics_sitenote_active":false,"_exactmetrics_sitenote_note":"","_exactmetrics_sitenote_category":0,"ngg_post_thumbnail":0,"footnotes":""},"class_list":["post-113","page","type-page","status-publish","hentry"],"yoast_head":"<!-- This site is optimized with the Yoast SEO plugin v27.4 - https:\/\/yoast.com\/product\/yoast-seo-wordpress\/ -->\n<title>Boulangerie Traiteur Dagneux. Sandwich, restauration rapide. Ev\u00e8nements<\/title>\n<meta name=\"description\" content=\"La Boulangerie Des Tilleuls situ\u00e9e \u00e0 Dagneux vous propose une large gamme de sandwichs, de formules repas. Devis pour anniversaires, mariages, \u00e9v\u00e8nements...\" \/>\n<meta name=\"robots\" content=\"index, follow, max-snippet:-1, max-image-preview:large, max-video-preview:-1\" \/>\n<link rel=\"canonical\" href=\"https:\/\/boulangeriedagneux.fr\/index.php\/traiteur-sandwich-formule-repas-evenement-dagneux\/\" \/>\n<meta property=\"og:locale\" content=\"fr_FR\" \/>\n<meta property=\"og:type\" content=\"article\" \/>\n<meta property=\"og:title\" content=\"Boulangerie Traiteur Dagneux. Sandwich, restauration rapide. Ev\u00e8nements\" \/>\n<meta property=\"og:description\" content=\"La Boulangerie Des Tilleuls situ\u00e9e \u00e0 Dagneux vous propose une large gamme de sandwichs, de formules repas. Devis pour anniversaires, mariages, \u00e9v\u00e8nements...\" \/>\n<meta property=\"og:url\" content=\"https:\/\/boulangeriedagneux.fr\/index.php\/traiteur-sandwich-formule-repas-evenement-dagneux\/\" \/>\n<meta property=\"og:site_name\" content=\"BOULANGERIE DES TILLEULS\" \/>\n<meta property=\"article:modified_time\" content=\"2021-11-08T13:17:08+00:00\" \/>\n<meta property=\"og:image\" content=\"http:\/\/boulangeriedagneux.fr\/wp-content\/uploads\/2016\/10\/IMG_6630-web.jpg\" \/>\n<meta name=\"twitter:card\" content=\"summary_large_image\" \/>\n<meta name=\"twitter:label1\" content=\"Dur\u00e9e de lecture estim\u00e9e\" \/>\n\t<meta name=\"twitter:data1\" content=\"1 minute\" \/>\n<script type=\"application\/ld+json\" class=\"yoast-schema-graph\">{\"@context\":\"https:\\\/\\\/schema.org\",\"@graph\":[{\"@type\":\"WebPage\",\"@id\":\"https:\\\/\\\/boulangeriedagneux.fr\\\/index.php\\\/traiteur-sandwich-formule-repas-evenement-dagneux\\\/\",\"url\":\"https:\\\/\\\/boulangeriedagneux.fr\\\/index.php\\\/traiteur-sandwich-formule-repas-evenement-dagneux\\\/\",\"name\":\"Boulangerie Traiteur Dagneux. Sandwich, restauration rapide. Ev\u00e8nements\",\"isPartOf\":{\"@id\":\"https:\\\/\\\/boulangeriedagneux.fr\\\/#website\"},\"primaryImageOfPage\":{\"@id\":\"https:\\\/\\\/boulangeriedagneux.fr\\\/index.php\\\/traiteur-sandwich-formule-repas-evenement-dagneux\\\/#primaryimage\"},\"image\":{\"@id\":\"https:\\\/\\\/boulangeriedagneux.fr\\\/index.php\\\/traiteur-sandwich-formule-repas-evenement-dagneux\\\/#primaryimage\"},\"thumbnailUrl\":\"http:\\\/\\\/boulangeriedagneux.fr\\\/wp-content\\\/uploads\\\/2016\\\/10\\\/IMG_6630-web.jpg\",\"datePublished\":\"2016-10-13T07:54:56+00:00\",\"dateModified\":\"2021-11-08T13:17:08+00:00\",\"description\":\"La Boulangerie Des Tilleuls situ\u00e9e \u00e0 Dagneux vous propose une large gamme de sandwichs, de formules repas. Devis pour anniversaires, mariages, \u00e9v\u00e8nements...\",\"breadcrumb\":{\"@id\":\"https:\\\/\\\/boulangeriedagneux.fr\\\/index.php\\\/traiteur-sandwich-formule-repas-evenement-dagneux\\\/#breadcrumb\"},\"inLanguage\":\"fr-FR\",\"potentialAction\":[{\"@type\":\"ReadAction\",\"target\":[\"https:\\\/\\\/boulangeriedagneux.fr\\\/index.php\\\/traiteur-sandwich-formule-repas-evenement-dagneux\\\/\"]}]},{\"@type\":\"ImageObject\",\"inLanguage\":\"fr-FR\",\"@id\":\"https:\\\/\\\/boulangeriedagneux.fr\\\/index.php\\\/traiteur-sandwich-formule-repas-evenement-dagneux\\\/#primaryimage\",\"url\":\"http:\\\/\\\/boulangeriedagneux.fr\\\/wp-content\\\/uploads\\\/2016\\\/10\\\/IMG_6630-web.jpg\",\"contentUrl\":\"http:\\\/\\\/boulangeriedagneux.fr\\\/wp-content\\\/uploads\\\/2016\\\/10\\\/IMG_6630-web.jpg\"},{\"@type\":\"BreadcrumbList\",\"@id\":\"https:\\\/\\\/boulangeriedagneux.fr\\\/index.php\\\/traiteur-sandwich-formule-repas-evenement-dagneux\\\/#breadcrumb\",\"itemListElement\":[{\"@type\":\"ListItem\",\"position\":1,\"name\":\"Accueil\",\"item\":\"https:\\\/\\\/boulangeriedagneux.fr\\\/\"},{\"@type\":\"ListItem\",\"position\":2,\"name\":\"TRAITEUR\"}]},{\"@type\":\"WebSite\",\"@id\":\"https:\\\/\\\/boulangeriedagneux.fr\\\/#website\",\"url\":\"https:\\\/\\\/boulangeriedagneux.fr\\\/\",\"name\":\"BOULANGERIE DES TILLEULS\",\"description\":\"Eric et Sigrid FERRAND\",\"potentialAction\":[{\"@type\":\"SearchAction\",\"target\":{\"@type\":\"EntryPoint\",\"urlTemplate\":\"https:\\\/\\\/boulangeriedagneux.fr\\\/?s={search_term_string}\"},\"query-input\":{\"@type\":\"PropertyValueSpecification\",\"valueRequired\":true,\"valueName\":\"search_term_string\"}}],\"inLanguage\":\"fr-FR\"}]}<\/script>\n<!-- \/ Yoast SEO plugin. -->","yoast_head_json":{"title":"Boulangerie Traiteur Dagneux. Sandwich, restauration rapide. Ev\u00e8nements","description":"La Boulangerie Des Tilleuls situ\u00e9e \u00e0 Dagneux vous propose une large gamme de sandwichs, de formules repas. Devis pour anniversaires, mariages, \u00e9v\u00e8nements...","robots":{"index":"index","follow":"follow","max-snippet":"max-snippet:-1","max-image-preview":"max-image-preview:large","max-video-preview":"max-video-preview:-1"},"canonical":"https:\/\/boulangeriedagneux.fr\/index.php\/traiteur-sandwich-formule-repas-evenement-dagneux\/","og_locale":"fr_FR","og_type":"article","og_title":"Boulangerie Traiteur Dagneux. Sandwich, restauration rapide. Ev\u00e8nements","og_description":"La Boulangerie Des Tilleuls situ\u00e9e \u00e0 Dagneux vous propose une large gamme de sandwichs, de formules repas. Devis pour anniversaires, mariages, \u00e9v\u00e8nements...","og_url":"https:\/\/boulangeriedagneux.fr\/index.php\/traiteur-sandwich-formule-repas-evenement-dagneux\/","og_site_name":"BOULANGERIE DES TILLEULS","article_modified_time":"2021-11-08T13:17:08+00:00","og_image":[{"url":"http:\/\/boulangeriedagneux.fr\/wp-content\/uploads\/2016\/10\/IMG_6630-web.jpg","type":"","width":"","height":""}],"twitter_card":"summary_large_image","twitter_misc":{"Dur\u00e9e de lecture estim\u00e9e":"1 minute"},"schema":{"@context":"https:\/\/schema.org","@graph":[{"@type":"WebPage","@id":"https:\/\/boulangeriedagneux.fr\/index.php\/traiteur-sandwich-formule-repas-evenement-dagneux\/","url":"https:\/\/boulangeriedagneux.fr\/index.php\/traiteur-sandwich-formule-repas-evenement-dagneux\/","name":"Boulangerie Traiteur Dagneux. Sandwich, restauration rapide. Ev\u00e8nements","isPartOf":{"@id":"https:\/\/boulangeriedagneux.fr\/#website"},"primaryImageOfPage":{"@id":"https:\/\/boulangeriedagneux.fr\/index.php\/traiteur-sandwich-formule-repas-evenement-dagneux\/#primaryimage"},"image":{"@id":"https:\/\/boulangeriedagneux.fr\/index.php\/traiteur-sandwich-formule-repas-evenement-dagneux\/#primaryimage"},"thumbnailUrl":"http:\/\/boulangeriedagneux.fr\/wp-content\/uploads\/2016\/10\/IMG_6630-web.jpg","datePublished":"2016-10-13T07:54:56+00:00","dateModified":"2021-11-08T13:17:08+00:00","description":"La Boulangerie Des Tilleuls situ\u00e9e \u00e0 Dagneux vous propose une large gamme de sandwichs, de formules repas. Devis pour anniversaires, mariages, \u00e9v\u00e8nements...","breadcrumb":{"@id":"https:\/\/boulangeriedagneux.fr\/index.php\/traiteur-sandwich-formule-repas-evenement-dagneux\/#breadcrumb"},"inLanguage":"fr-FR","potentialAction":[{"@type":"ReadAction","target":["https:\/\/boulangeriedagneux.fr\/index.php\/traiteur-sandwich-formule-repas-evenement-dagneux\/"]}]},{"@type":"ImageObject","inLanguage":"fr-FR","@id":"https:\/\/boulangeriedagneux.fr\/index.php\/traiteur-sandwich-formule-repas-evenement-dagneux\/#primaryimage","url":"http:\/\/boulangeriedagneux.fr\/wp-content\/uploads\/2016\/10\/IMG_6630-web.jpg","contentUrl":"http:\/\/boulangeriedagneux.fr\/wp-content\/uploads\/2016\/10\/IMG_6630-web.jpg"},{"@type":"BreadcrumbList","@id":"https:\/\/boulangeriedagneux.fr\/index.php\/traiteur-sandwich-formule-repas-evenement-dagneux\/#breadcrumb","itemListElement":[{"@type":"ListItem","position":1,"name":"Accueil","item":"https:\/\/boulangeriedagneux.fr\/"},{"@type":"ListItem","position":2,"name":"TRAITEUR"}]},{"@type":"WebSite","@id":"https:\/\/boulangeriedagneux.fr\/#website","url":"https:\/\/boulangeriedagneux.fr\/","name":"BOULANGERIE DES TILLEULS","description":"Eric et Sigrid FERRAND","potentialAction":[{"@type":"SearchAction","target":{"@type":"EntryPoint","urlTemplate":"https:\/\/boulangeriedagneux.fr\/?s={search_term_string}"},"query-input":{"@type":"PropertyValueSpecification","valueRequired":true,"valueName":"search_term_string"}}],"inLanguage":"fr-FR"}]}},"_links":{"self":[{"href":"https:\/\/boulangeriedagneux.fr\/index.php\/wp-json\/wp\/v2\/pages\/113","targetHints":{"allow":["GET"]}}],"collection":[{"href":"https:\/\/boulangeriedagneux.fr\/index.php\/wp-json\/wp\/v2\/pages"}],"about":[{"href":"https:\/\/boulangeriedagneux.fr\/index.php\/wp-json\/wp\/v2\/types\/page"}],"author":[{"embeddable":true,"href":"https:\/\/boulangeriedagneux.fr\/index.php\/wp-json\/wp\/v2\/users\/1"}],"replies":[{"embeddable":true,"href":"https:\/\/boulangeriedagneux.fr\/index.php\/wp-json\/wp\/v2\/comments?post=113"}],"version-history":[{"count":14,"href":"https:\/\/boulangeriedagneux.fr\/index.php\/wp-json\/wp\/v2\/pages\/113\/revisions"}],"predecessor-version":[{"id":1006,"href":"https:\/\/boulangeriedagneux.fr\/index.php\/wp-json\/wp\/v2\/pages\/113\/revisions\/1006"}],"wp:attachment":[{"href":"https:\/\/boulangeriedagneux.fr\/index.php\/wp-json\/wp\/v2\/media?parent=113"}],"curies":[{"name":"wp","href":"https:\/\/api.w.org\/{rel}","templated":true}]}}