{"id":110,"date":"2016-10-13T09:54:33","date_gmt":"2016-10-13T07:54:33","guid":{"rendered":"http:\/\/boulangeriedagneux.fr\/?page_id=110"},"modified":"2021-11-08T14:13:38","modified_gmt":"2021-11-08T13:13:38","slug":"viennoiserie-tarte-bressane-dagneux","status":"publish","type":"page","link":"https:\/\/boulangeriedagneux.fr\/index.php\/viennoiserie-tarte-bressane-dagneux\/","title":{"rendered":"VIENNOISERIES &#038; BISCUITS"},"content":{"rendered":"\n<figure class=\"wp-block-image\"><img loading=\"lazy\" decoding=\"async\" width=\"500\" height=\"300\" src=\"https:\/\/boulangeriedagneux.fr\/wp-content\/uploads\/2016\/10\/IMG_6899-web.jpg\" alt=\"img_6899-web\" class=\"wp-image-293\" srcset=\"https:\/\/boulangeriedagneux.fr\/wp-content\/uploads\/2016\/10\/IMG_6899-web.jpg 500w, https:\/\/boulangeriedagneux.fr\/wp-content\/uploads\/2016\/10\/IMG_6899-web-300x180.jpg 300w, https:\/\/boulangeriedagneux.fr\/wp-content\/uploads\/2016\/10\/IMG_6899-web-250x150.jpg 250w, https:\/\/boulangeriedagneux.fr\/wp-content\/uploads\/2016\/10\/IMG_6899-web-150x90.jpg 150w\" sizes=\"auto, (max-width: 500px) 100vw, 500px\" \/><\/figure>\n\n\n\n<p>Toutes nos viennoiseries sont faites pure beurre, de fa\u00e7on <strong>artisanale<\/strong>.<\/p>\n\n\n\n<p><\/p>\n\n\n\n<h3 class=\"wp-block-heading\"><span style=\"color: #ff0000;\">LA\u00a0VIENNOISERIE TRADITIONNELLE :<\/span><span style=\"color: revert; font-size: revert; font-weight: revert;\"> <\/span><\/h3>\n\n\n\n<p>Croissant, Pain au chocolat, Pain aux raisins, Brioche Nature, Brioche Praline, Chausson au pomme, Torsade&#8230; <\/p>\n\n\n\n<p><\/p>\n\n\n\n<p><h3><span style=\"color: #ff0000;\">LA SPECIALITE DE LA REGION :<\/span><\/h3><\/p>\n\n\n\n<p>La Tarte Bressanne (sucre, praline et chocolat), la Tarte au sucre. <\/p>\n\n\n\n<p><\/p>\n\n\n\n<p><h3><span style=\"color: #ff0000;\">NOS BISCUITS :<\/span><\/h3><\/p>\n\n\n\n<p>Cookie, Rikiki (petits muffins de diff\u00e9rents parfums), Sabl\u00e9 nature et chocolat, Triangle coco, Brownie, Tulipe c\u0153ur fondant, Beignet, Donut&#8230;<\/p>\n","protected":false},"excerpt":{"rendered":"<p>Toutes nos viennoiseries sont faites pure beurre, de fa\u00e7on artisanale. LA\u00a0VIENNOISERIE TRADITIONNELLE : Croissant, Pain au chocolat, Pain aux raisins, Brioche Nature, Brioche Praline, Chausson au pomme, Torsade&#8230; LA SPECIALITE DE LA REGION : La Tarte Bressanne (sucre, praline et chocolat), la Tarte au sucre. NOS BISCUITS : Cookie, Rikiki\u2026<\/p>\n<p> <a class=\"continue-reading-link\" href=\"https:\/\/boulangeriedagneux.fr\/index.php\/viennoiserie-tarte-bressane-dagneux\/\"><span>Continuer \u00e0 lire<\/span><i class=\"crycon-right-dir\"><\/i><\/a> <\/p>\n","protected":false},"author":1,"featured_media":0,"parent":0,"menu_order":1,"comment_status":"closed","ping_status":"closed","template":"","meta":{"_exactmetrics_skip_tracking":false,"_exactmetrics_sitenote_active":false,"_exactmetrics_sitenote_note":"","_exactmetrics_sitenote_category":0,"ngg_post_thumbnail":0,"footnotes":""},"class_list":["post-110","page","type-page","status-publish","hentry"],"yoast_head":"<!-- This site is optimized with the Yoast SEO plugin v27.4 - https:\/\/yoast.com\/product\/yoast-seo-wordpress\/ -->\n<title>Boulangerie P\u00e2tisserie \u00e0 Dagneux. Viennoiseries et Tarte Bressane<\/title>\n<meta name=\"description\" content=\"La Boulangerie Des Tilleuls situ\u00e9e \u00e0 Dagneux vous propose une large gamme de viennoiseries, biscuits, Tarte Bressane. Fabrication artisanale.\" \/>\n<meta name=\"robots\" content=\"index, follow, max-snippet:-1, max-image-preview:large, max-video-preview:-1\" \/>\n<link rel=\"canonical\" href=\"https:\/\/boulangeriedagneux.fr\/index.php\/viennoiserie-tarte-bressane-dagneux\/\" \/>\n<meta property=\"og:locale\" content=\"fr_FR\" \/>\n<meta property=\"og:type\" content=\"article\" \/>\n<meta property=\"og:title\" content=\"Boulangerie P\u00e2tisserie \u00e0 Dagneux. Viennoiseries et Tarte Bressane\" \/>\n<meta property=\"og:description\" content=\"La Boulangerie Des Tilleuls situ\u00e9e \u00e0 Dagneux vous propose une large gamme de viennoiseries, biscuits, Tarte Bressane. Fabrication artisanale.\" \/>\n<meta property=\"og:url\" content=\"https:\/\/boulangeriedagneux.fr\/index.php\/viennoiserie-tarte-bressane-dagneux\/\" \/>\n<meta property=\"og:site_name\" content=\"BOULANGERIE DES TILLEULS\" \/>\n<meta property=\"article:modified_time\" content=\"2021-11-08T13:13:38+00:00\" \/>\n<meta property=\"og:image\" content=\"http:\/\/boulangeriedagneux.fr\/wp-content\/uploads\/2016\/10\/IMG_6899-web.jpg\" \/>\n<meta name=\"twitter:card\" content=\"summary_large_image\" \/>\n<meta name=\"twitter:label1\" content=\"Dur\u00e9e de lecture estim\u00e9e\" \/>\n\t<meta name=\"twitter:data1\" content=\"1 minute\" \/>\n<script type=\"application\/ld+json\" class=\"yoast-schema-graph\">{\"@context\":\"https:\\\/\\\/schema.org\",\"@graph\":[{\"@type\":\"WebPage\",\"@id\":\"https:\\\/\\\/boulangeriedagneux.fr\\\/index.php\\\/viennoiserie-tarte-bressane-dagneux\\\/\",\"url\":\"https:\\\/\\\/boulangeriedagneux.fr\\\/index.php\\\/viennoiserie-tarte-bressane-dagneux\\\/\",\"name\":\"Boulangerie P\u00e2tisserie \u00e0 Dagneux. Viennoiseries et Tarte Bressane\",\"isPartOf\":{\"@id\":\"https:\\\/\\\/boulangeriedagneux.fr\\\/#website\"},\"primaryImageOfPage\":{\"@id\":\"https:\\\/\\\/boulangeriedagneux.fr\\\/index.php\\\/viennoiserie-tarte-bressane-dagneux\\\/#primaryimage\"},\"image\":{\"@id\":\"https:\\\/\\\/boulangeriedagneux.fr\\\/index.php\\\/viennoiserie-tarte-bressane-dagneux\\\/#primaryimage\"},\"thumbnailUrl\":\"http:\\\/\\\/boulangeriedagneux.fr\\\/wp-content\\\/uploads\\\/2016\\\/10\\\/IMG_6899-web.jpg\",\"datePublished\":\"2016-10-13T07:54:33+00:00\",\"dateModified\":\"2021-11-08T13:13:38+00:00\",\"description\":\"La Boulangerie Des Tilleuls situ\u00e9e \u00e0 Dagneux vous propose une large gamme de viennoiseries, biscuits, Tarte Bressane. Fabrication artisanale.\",\"breadcrumb\":{\"@id\":\"https:\\\/\\\/boulangeriedagneux.fr\\\/index.php\\\/viennoiserie-tarte-bressane-dagneux\\\/#breadcrumb\"},\"inLanguage\":\"fr-FR\",\"potentialAction\":[{\"@type\":\"ReadAction\",\"target\":[\"https:\\\/\\\/boulangeriedagneux.fr\\\/index.php\\\/viennoiserie-tarte-bressane-dagneux\\\/\"]}]},{\"@type\":\"ImageObject\",\"inLanguage\":\"fr-FR\",\"@id\":\"https:\\\/\\\/boulangeriedagneux.fr\\\/index.php\\\/viennoiserie-tarte-bressane-dagneux\\\/#primaryimage\",\"url\":\"http:\\\/\\\/boulangeriedagneux.fr\\\/wp-content\\\/uploads\\\/2016\\\/10\\\/IMG_6899-web.jpg\",\"contentUrl\":\"http:\\\/\\\/boulangeriedagneux.fr\\\/wp-content\\\/uploads\\\/2016\\\/10\\\/IMG_6899-web.jpg\"},{\"@type\":\"BreadcrumbList\",\"@id\":\"https:\\\/\\\/boulangeriedagneux.fr\\\/index.php\\\/viennoiserie-tarte-bressane-dagneux\\\/#breadcrumb\",\"itemListElement\":[{\"@type\":\"ListItem\",\"position\":1,\"name\":\"Accueil\",\"item\":\"https:\\\/\\\/boulangeriedagneux.fr\\\/\"},{\"@type\":\"ListItem\",\"position\":2,\"name\":\"VIENNOISERIES &#038; BISCUITS\"}]},{\"@type\":\"WebSite\",\"@id\":\"https:\\\/\\\/boulangeriedagneux.fr\\\/#website\",\"url\":\"https:\\\/\\\/boulangeriedagneux.fr\\\/\",\"name\":\"BOULANGERIE DES TILLEULS\",\"description\":\"Eric et Sigrid FERRAND\",\"potentialAction\":[{\"@type\":\"SearchAction\",\"target\":{\"@type\":\"EntryPoint\",\"urlTemplate\":\"https:\\\/\\\/boulangeriedagneux.fr\\\/?s={search_term_string}\"},\"query-input\":{\"@type\":\"PropertyValueSpecification\",\"valueRequired\":true,\"valueName\":\"search_term_string\"}}],\"inLanguage\":\"fr-FR\"}]}<\/script>\n<!-- \/ Yoast SEO plugin. -->","yoast_head_json":{"title":"Boulangerie P\u00e2tisserie \u00e0 Dagneux. Viennoiseries et Tarte Bressane","description":"La Boulangerie Des Tilleuls situ\u00e9e \u00e0 Dagneux vous propose une large gamme de viennoiseries, biscuits, Tarte Bressane. Fabrication artisanale.","robots":{"index":"index","follow":"follow","max-snippet":"max-snippet:-1","max-image-preview":"max-image-preview:large","max-video-preview":"max-video-preview:-1"},"canonical":"https:\/\/boulangeriedagneux.fr\/index.php\/viennoiserie-tarte-bressane-dagneux\/","og_locale":"fr_FR","og_type":"article","og_title":"Boulangerie P\u00e2tisserie \u00e0 Dagneux. Viennoiseries et Tarte Bressane","og_description":"La Boulangerie Des Tilleuls situ\u00e9e \u00e0 Dagneux vous propose une large gamme de viennoiseries, biscuits, Tarte Bressane. Fabrication artisanale.","og_url":"https:\/\/boulangeriedagneux.fr\/index.php\/viennoiserie-tarte-bressane-dagneux\/","og_site_name":"BOULANGERIE DES TILLEULS","article_modified_time":"2021-11-08T13:13:38+00:00","og_image":[{"url":"http:\/\/boulangeriedagneux.fr\/wp-content\/uploads\/2016\/10\/IMG_6899-web.jpg","type":"","width":"","height":""}],"twitter_card":"summary_large_image","twitter_misc":{"Dur\u00e9e de lecture estim\u00e9e":"1 minute"},"schema":{"@context":"https:\/\/schema.org","@graph":[{"@type":"WebPage","@id":"https:\/\/boulangeriedagneux.fr\/index.php\/viennoiserie-tarte-bressane-dagneux\/","url":"https:\/\/boulangeriedagneux.fr\/index.php\/viennoiserie-tarte-bressane-dagneux\/","name":"Boulangerie P\u00e2tisserie \u00e0 Dagneux. Viennoiseries et Tarte Bressane","isPartOf":{"@id":"https:\/\/boulangeriedagneux.fr\/#website"},"primaryImageOfPage":{"@id":"https:\/\/boulangeriedagneux.fr\/index.php\/viennoiserie-tarte-bressane-dagneux\/#primaryimage"},"image":{"@id":"https:\/\/boulangeriedagneux.fr\/index.php\/viennoiserie-tarte-bressane-dagneux\/#primaryimage"},"thumbnailUrl":"http:\/\/boulangeriedagneux.fr\/wp-content\/uploads\/2016\/10\/IMG_6899-web.jpg","datePublished":"2016-10-13T07:54:33+00:00","dateModified":"2021-11-08T13:13:38+00:00","description":"La Boulangerie Des Tilleuls situ\u00e9e \u00e0 Dagneux vous propose une large gamme de viennoiseries, biscuits, Tarte Bressane. Fabrication artisanale.","breadcrumb":{"@id":"https:\/\/boulangeriedagneux.fr\/index.php\/viennoiserie-tarte-bressane-dagneux\/#breadcrumb"},"inLanguage":"fr-FR","potentialAction":[{"@type":"ReadAction","target":["https:\/\/boulangeriedagneux.fr\/index.php\/viennoiserie-tarte-bressane-dagneux\/"]}]},{"@type":"ImageObject","inLanguage":"fr-FR","@id":"https:\/\/boulangeriedagneux.fr\/index.php\/viennoiserie-tarte-bressane-dagneux\/#primaryimage","url":"http:\/\/boulangeriedagneux.fr\/wp-content\/uploads\/2016\/10\/IMG_6899-web.jpg","contentUrl":"http:\/\/boulangeriedagneux.fr\/wp-content\/uploads\/2016\/10\/IMG_6899-web.jpg"},{"@type":"BreadcrumbList","@id":"https:\/\/boulangeriedagneux.fr\/index.php\/viennoiserie-tarte-bressane-dagneux\/#breadcrumb","itemListElement":[{"@type":"ListItem","position":1,"name":"Accueil","item":"https:\/\/boulangeriedagneux.fr\/"},{"@type":"ListItem","position":2,"name":"VIENNOISERIES &#038; BISCUITS"}]},{"@type":"WebSite","@id":"https:\/\/boulangeriedagneux.fr\/#website","url":"https:\/\/boulangeriedagneux.fr\/","name":"BOULANGERIE DES TILLEULS","description":"Eric et Sigrid FERRAND","potentialAction":[{"@type":"SearchAction","target":{"@type":"EntryPoint","urlTemplate":"https:\/\/boulangeriedagneux.fr\/?s={search_term_string}"},"query-input":{"@type":"PropertyValueSpecification","valueRequired":true,"valueName":"search_term_string"}}],"inLanguage":"fr-FR"}]}},"_links":{"self":[{"href":"https:\/\/boulangeriedagneux.fr\/index.php\/wp-json\/wp\/v2\/pages\/110","targetHints":{"allow":["GET"]}}],"collection":[{"href":"https:\/\/boulangeriedagneux.fr\/index.php\/wp-json\/wp\/v2\/pages"}],"about":[{"href":"https:\/\/boulangeriedagneux.fr\/index.php\/wp-json\/wp\/v2\/types\/page"}],"author":[{"embeddable":true,"href":"https:\/\/boulangeriedagneux.fr\/index.php\/wp-json\/wp\/v2\/users\/1"}],"replies":[{"embeddable":true,"href":"https:\/\/boulangeriedagneux.fr\/index.php\/wp-json\/wp\/v2\/comments?post=110"}],"version-history":[{"count":9,"href":"https:\/\/boulangeriedagneux.fr\/index.php\/wp-json\/wp\/v2\/pages\/110\/revisions"}],"predecessor-version":[{"id":1007,"href":"https:\/\/boulangeriedagneux.fr\/index.php\/wp-json\/wp\/v2\/pages\/110\/revisions\/1007"}],"wp:attachment":[{"href":"https:\/\/boulangeriedagneux.fr\/index.php\/wp-json\/wp\/v2\/media?parent=110"}],"curies":[{"name":"wp","href":"https:\/\/api.w.org\/{rel}","templated":true}]}}