{"id":107,"date":"2016-10-13T09:53:52","date_gmt":"2016-10-13T07:53:52","guid":{"rendered":"http:\/\/boulangeriedagneux.fr\/?page_id=107"},"modified":"2023-10-25T09:28:44","modified_gmt":"2023-10-25T07:28:44","slug":"boulangerie-dagneux-pain","status":"publish","type":"page","link":"https:\/\/boulangeriedagneux.fr\/index.php\/boulangerie-dagneux-pain\/","title":{"rendered":"PAINS"},"content":{"rendered":"\n<div class=\"wp-block-media-text alignwide is-stacked-on-mobile\"><figure class=\"wp-block-media-text__media\"><img loading=\"lazy\" decoding=\"async\" width=\"500\" height=\"241\" src=\"https:\/\/boulangeriedagneux.fr\/wp-content\/uploads\/2022\/07\/ENSEMBLE-DE-PAINS.jpg\" alt=\"\" class=\"wp-image-1038 size-full\" srcset=\"https:\/\/boulangeriedagneux.fr\/wp-content\/uploads\/2022\/07\/ENSEMBLE-DE-PAINS.jpg 500w, https:\/\/boulangeriedagneux.fr\/wp-content\/uploads\/2022\/07\/ENSEMBLE-DE-PAINS-300x145.jpg 300w, https:\/\/boulangeriedagneux.fr\/wp-content\/uploads\/2022\/07\/ENSEMBLE-DE-PAINS-150x72.jpg 150w\" sizes=\"auto, (max-width: 500px) 100vw, 500px\" \/><\/figure><div class=\"wp-block-media-text__content\">\n<p class=\"has-large-font-size\"><\/p>\n<\/div><\/div>\n\n\n\n<p>Chaque jour, notre \u00e9quipe <strong>d&rsquo;artisans boulangers<\/strong>&nbsp;cherche \u00e0 vous proposer des <strong>pains<\/strong> de qualit\u00e9, m\u00ealant <strong>tradition<\/strong>&nbsp;et saveurs nouvelles.<\/p>\n\n\n\n<p>Nous utilisons la farine BANETTE produite avec les bl\u00e9s de la r\u00e9gion, respectant une fili\u00e8re qualit\u00e9 contr\u00f4l\u00e9e.<\/p>\n\n\n\n<p><strong>Tous nos&nbsp;pains sont p\u00e9tris, fa\u00e7onn\u00e9s et cuits dans notre fournil en respectant le savoir faire artisanal.<\/strong><\/p>\n\n\n\n<h3 class=\"wp-block-heading\"><strong><span style=\"color: #ff0000;\">PAINS \u00ab\u00a0TRADITIONNELS\u00a0\u00bb<\/span><\/strong><\/h3>\n\n\n\n<p>Baguette Des Tilleuls (Sp\u00e9cialit\u00e9 maison)<\/p>\n\n\n\n<p>Baguette Banette<\/p>\n\n\n\n<p>Baguette classique<\/p>\n\n\n\n<p>Fourn\u00e9e Maitre Joseph<\/p>\n\n\n\n<p>Le Bucheron<\/p>\n\n\n\n<p>Banette aux graines<\/p>\n\n\n\n<p>Flute Banette<\/p>\n\n\n\n<p>Gros Pain<\/p>\n\n\n\n<p>Tourte&#8230; <\/p>\n\n\n\n<h3 class=\"wp-block-heading\"><strong><span style=\"color: #ff0000;\">PAINS SPECIAUX<\/span><\/strong><\/h3>\n\n\n\n<p>Ma\u00efs<\/p>\n\n\n\n<p>Seigle<\/p>\n\n\n\n<p>Viking<\/p>\n\n\n\n<p>Maxi Fibres<\/p>\n\n\n\n<p>Multi C\u00e9r\u00e9ales&#8230; <\/p>\n\n\n\n<h3 class=\"wp-block-heading\"><span style=\"color: #ff0000;\"><strong>PAINS AROMATIQUES :<\/strong><\/span><\/h3>\n\n\n\n<p>Ma\u00efs aux figues<\/p>\n\n\n\n<p>Campagne aux noix<\/p>\n\n\n\n<p>Ficelles ap\u00e9ritives&#8230; <\/p>\n","protected":false},"excerpt":{"rendered":"<p>Chaque jour, notre \u00e9quipe d&rsquo;artisans boulangers&nbsp;cherche \u00e0 vous proposer des pains de qualit\u00e9, m\u00ealant tradition&nbsp;et saveurs nouvelles. Nous utilisons la farine BANETTE produite avec les bl\u00e9s de la r\u00e9gion, respectant une fili\u00e8re qualit\u00e9 contr\u00f4l\u00e9e. Tous nos&nbsp;pains sont p\u00e9tris, fa\u00e7onn\u00e9s et cuits dans notre fournil en respectant le savoir faire artisanal.\u2026<\/p>\n<p> <a class=\"continue-reading-link\" href=\"https:\/\/boulangeriedagneux.fr\/index.php\/boulangerie-dagneux-pain\/\"><span>Continuer \u00e0 lire<\/span><i class=\"crycon-right-dir\"><\/i><\/a> <\/p>\n","protected":false},"author":1,"featured_media":0,"parent":0,"menu_order":0,"comment_status":"closed","ping_status":"closed","template":"","meta":{"_exactmetrics_skip_tracking":false,"_exactmetrics_sitenote_active":false,"_exactmetrics_sitenote_note":"","_exactmetrics_sitenote_category":0,"ngg_post_thumbnail":0,"footnotes":""},"class_list":["post-107","page","type-page","status-publish","hentry"],"yoast_head":"<!-- This site is optimized with the Yoast SEO plugin v27.4 - https:\/\/yoast.com\/product\/yoast-seo-wordpress\/ -->\n<title>Boulangerie \u00e0 Dagneux. Fabrication de pains artisanale.<\/title>\n<meta name=\"description\" content=\"La Boulangerie Des Tilleuls situ\u00e9e \u00e0 Dagneux vous propose une large gamme de pains, pains sp\u00e9ciaux et pains aromatiques. Fabrication artisanale.\" \/>\n<meta name=\"robots\" content=\"index, follow, max-snippet:-1, max-image-preview:large, max-video-preview:-1\" \/>\n<link rel=\"canonical\" href=\"https:\/\/boulangeriedagneux.fr\/index.php\/boulangerie-dagneux-pain\/\" \/>\n<meta property=\"og:locale\" content=\"fr_FR\" \/>\n<meta property=\"og:type\" content=\"article\" \/>\n<meta property=\"og:title\" content=\"Boulangerie \u00e0 Dagneux. Fabrication de pains artisanale.\" \/>\n<meta property=\"og:description\" content=\"La Boulangerie Des Tilleuls situ\u00e9e \u00e0 Dagneux vous propose une large gamme de pains, pains sp\u00e9ciaux et pains aromatiques. Fabrication artisanale.\" \/>\n<meta property=\"og:url\" content=\"https:\/\/boulangeriedagneux.fr\/index.php\/boulangerie-dagneux-pain\/\" \/>\n<meta property=\"og:site_name\" content=\"BOULANGERIE DES TILLEULS\" \/>\n<meta property=\"article:modified_time\" content=\"2023-10-25T07:28:44+00:00\" \/>\n<meta property=\"og:image\" content=\"https:\/\/boulangeriedagneux.fr\/wp-content\/uploads\/2022\/07\/ENSEMBLE-DE-PAINS.jpg\" \/>\n<meta name=\"twitter:card\" content=\"summary_large_image\" \/>\n<meta name=\"twitter:label1\" content=\"Dur\u00e9e de lecture estim\u00e9e\" \/>\n\t<meta name=\"twitter:data1\" content=\"1 minute\" \/>\n<script type=\"application\/ld+json\" class=\"yoast-schema-graph\">{\"@context\":\"https:\\\/\\\/schema.org\",\"@graph\":[{\"@type\":\"WebPage\",\"@id\":\"https:\\\/\\\/boulangeriedagneux.fr\\\/index.php\\\/boulangerie-dagneux-pain\\\/\",\"url\":\"https:\\\/\\\/boulangeriedagneux.fr\\\/index.php\\\/boulangerie-dagneux-pain\\\/\",\"name\":\"Boulangerie \u00e0 Dagneux. Fabrication de pains artisanale.\",\"isPartOf\":{\"@id\":\"https:\\\/\\\/boulangeriedagneux.fr\\\/#website\"},\"primaryImageOfPage\":{\"@id\":\"https:\\\/\\\/boulangeriedagneux.fr\\\/index.php\\\/boulangerie-dagneux-pain\\\/#primaryimage\"},\"image\":{\"@id\":\"https:\\\/\\\/boulangeriedagneux.fr\\\/index.php\\\/boulangerie-dagneux-pain\\\/#primaryimage\"},\"thumbnailUrl\":\"https:\\\/\\\/boulangeriedagneux.fr\\\/wp-content\\\/uploads\\\/2022\\\/07\\\/ENSEMBLE-DE-PAINS.jpg\",\"datePublished\":\"2016-10-13T07:53:52+00:00\",\"dateModified\":\"2023-10-25T07:28:44+00:00\",\"description\":\"La Boulangerie Des Tilleuls situ\u00e9e \u00e0 Dagneux vous propose une large gamme de pains, pains sp\u00e9ciaux et pains aromatiques. Fabrication artisanale.\",\"breadcrumb\":{\"@id\":\"https:\\\/\\\/boulangeriedagneux.fr\\\/index.php\\\/boulangerie-dagneux-pain\\\/#breadcrumb\"},\"inLanguage\":\"fr-FR\",\"potentialAction\":[{\"@type\":\"ReadAction\",\"target\":[\"https:\\\/\\\/boulangeriedagneux.fr\\\/index.php\\\/boulangerie-dagneux-pain\\\/\"]}]},{\"@type\":\"ImageObject\",\"inLanguage\":\"fr-FR\",\"@id\":\"https:\\\/\\\/boulangeriedagneux.fr\\\/index.php\\\/boulangerie-dagneux-pain\\\/#primaryimage\",\"url\":\"https:\\\/\\\/boulangeriedagneux.fr\\\/wp-content\\\/uploads\\\/2022\\\/07\\\/ENSEMBLE-DE-PAINS.jpg\",\"contentUrl\":\"https:\\\/\\\/boulangeriedagneux.fr\\\/wp-content\\\/uploads\\\/2022\\\/07\\\/ENSEMBLE-DE-PAINS.jpg\",\"width\":500,\"height\":241,\"caption\":\"Photo taken with Focos\"},{\"@type\":\"BreadcrumbList\",\"@id\":\"https:\\\/\\\/boulangeriedagneux.fr\\\/index.php\\\/boulangerie-dagneux-pain\\\/#breadcrumb\",\"itemListElement\":[{\"@type\":\"ListItem\",\"position\":1,\"name\":\"Accueil\",\"item\":\"https:\\\/\\\/boulangeriedagneux.fr\\\/\"},{\"@type\":\"ListItem\",\"position\":2,\"name\":\"PAINS\"}]},{\"@type\":\"WebSite\",\"@id\":\"https:\\\/\\\/boulangeriedagneux.fr\\\/#website\",\"url\":\"https:\\\/\\\/boulangeriedagneux.fr\\\/\",\"name\":\"BOULANGERIE DES TILLEULS\",\"description\":\"Eric et Sigrid FERRAND\",\"potentialAction\":[{\"@type\":\"SearchAction\",\"target\":{\"@type\":\"EntryPoint\",\"urlTemplate\":\"https:\\\/\\\/boulangeriedagneux.fr\\\/?s={search_term_string}\"},\"query-input\":{\"@type\":\"PropertyValueSpecification\",\"valueRequired\":true,\"valueName\":\"search_term_string\"}}],\"inLanguage\":\"fr-FR\"}]}<\/script>\n<!-- \/ Yoast SEO plugin. -->","yoast_head_json":{"title":"Boulangerie \u00e0 Dagneux. Fabrication de pains artisanale.","description":"La Boulangerie Des Tilleuls situ\u00e9e \u00e0 Dagneux vous propose une large gamme de pains, pains sp\u00e9ciaux et pains aromatiques. Fabrication artisanale.","robots":{"index":"index","follow":"follow","max-snippet":"max-snippet:-1","max-image-preview":"max-image-preview:large","max-video-preview":"max-video-preview:-1"},"canonical":"https:\/\/boulangeriedagneux.fr\/index.php\/boulangerie-dagneux-pain\/","og_locale":"fr_FR","og_type":"article","og_title":"Boulangerie \u00e0 Dagneux. Fabrication de pains artisanale.","og_description":"La Boulangerie Des Tilleuls situ\u00e9e \u00e0 Dagneux vous propose une large gamme de pains, pains sp\u00e9ciaux et pains aromatiques. Fabrication artisanale.","og_url":"https:\/\/boulangeriedagneux.fr\/index.php\/boulangerie-dagneux-pain\/","og_site_name":"BOULANGERIE DES TILLEULS","article_modified_time":"2023-10-25T07:28:44+00:00","og_image":[{"url":"https:\/\/boulangeriedagneux.fr\/wp-content\/uploads\/2022\/07\/ENSEMBLE-DE-PAINS.jpg","type":"","width":"","height":""}],"twitter_card":"summary_large_image","twitter_misc":{"Dur\u00e9e de lecture estim\u00e9e":"1 minute"},"schema":{"@context":"https:\/\/schema.org","@graph":[{"@type":"WebPage","@id":"https:\/\/boulangeriedagneux.fr\/index.php\/boulangerie-dagneux-pain\/","url":"https:\/\/boulangeriedagneux.fr\/index.php\/boulangerie-dagneux-pain\/","name":"Boulangerie \u00e0 Dagneux. Fabrication de pains artisanale.","isPartOf":{"@id":"https:\/\/boulangeriedagneux.fr\/#website"},"primaryImageOfPage":{"@id":"https:\/\/boulangeriedagneux.fr\/index.php\/boulangerie-dagneux-pain\/#primaryimage"},"image":{"@id":"https:\/\/boulangeriedagneux.fr\/index.php\/boulangerie-dagneux-pain\/#primaryimage"},"thumbnailUrl":"https:\/\/boulangeriedagneux.fr\/wp-content\/uploads\/2022\/07\/ENSEMBLE-DE-PAINS.jpg","datePublished":"2016-10-13T07:53:52+00:00","dateModified":"2023-10-25T07:28:44+00:00","description":"La Boulangerie Des Tilleuls situ\u00e9e \u00e0 Dagneux vous propose une large gamme de pains, pains sp\u00e9ciaux et pains aromatiques. Fabrication artisanale.","breadcrumb":{"@id":"https:\/\/boulangeriedagneux.fr\/index.php\/boulangerie-dagneux-pain\/#breadcrumb"},"inLanguage":"fr-FR","potentialAction":[{"@type":"ReadAction","target":["https:\/\/boulangeriedagneux.fr\/index.php\/boulangerie-dagneux-pain\/"]}]},{"@type":"ImageObject","inLanguage":"fr-FR","@id":"https:\/\/boulangeriedagneux.fr\/index.php\/boulangerie-dagneux-pain\/#primaryimage","url":"https:\/\/boulangeriedagneux.fr\/wp-content\/uploads\/2022\/07\/ENSEMBLE-DE-PAINS.jpg","contentUrl":"https:\/\/boulangeriedagneux.fr\/wp-content\/uploads\/2022\/07\/ENSEMBLE-DE-PAINS.jpg","width":500,"height":241,"caption":"Photo taken with Focos"},{"@type":"BreadcrumbList","@id":"https:\/\/boulangeriedagneux.fr\/index.php\/boulangerie-dagneux-pain\/#breadcrumb","itemListElement":[{"@type":"ListItem","position":1,"name":"Accueil","item":"https:\/\/boulangeriedagneux.fr\/"},{"@type":"ListItem","position":2,"name":"PAINS"}]},{"@type":"WebSite","@id":"https:\/\/boulangeriedagneux.fr\/#website","url":"https:\/\/boulangeriedagneux.fr\/","name":"BOULANGERIE DES TILLEULS","description":"Eric et Sigrid FERRAND","potentialAction":[{"@type":"SearchAction","target":{"@type":"EntryPoint","urlTemplate":"https:\/\/boulangeriedagneux.fr\/?s={search_term_string}"},"query-input":{"@type":"PropertyValueSpecification","valueRequired":true,"valueName":"search_term_string"}}],"inLanguage":"fr-FR"}]}},"_links":{"self":[{"href":"https:\/\/boulangeriedagneux.fr\/index.php\/wp-json\/wp\/v2\/pages\/107","targetHints":{"allow":["GET"]}}],"collection":[{"href":"https:\/\/boulangeriedagneux.fr\/index.php\/wp-json\/wp\/v2\/pages"}],"about":[{"href":"https:\/\/boulangeriedagneux.fr\/index.php\/wp-json\/wp\/v2\/types\/page"}],"author":[{"embeddable":true,"href":"https:\/\/boulangeriedagneux.fr\/index.php\/wp-json\/wp\/v2\/users\/1"}],"replies":[{"embeddable":true,"href":"https:\/\/boulangeriedagneux.fr\/index.php\/wp-json\/wp\/v2\/comments?post=107"}],"version-history":[{"count":23,"href":"https:\/\/boulangeriedagneux.fr\/index.php\/wp-json\/wp\/v2\/pages\/107\/revisions"}],"predecessor-version":[{"id":1058,"href":"https:\/\/boulangeriedagneux.fr\/index.php\/wp-json\/wp\/v2\/pages\/107\/revisions\/1058"}],"wp:attachment":[{"href":"https:\/\/boulangeriedagneux.fr\/index.php\/wp-json\/wp\/v2\/media?parent=107"}],"curies":[{"name":"wp","href":"https:\/\/api.w.org\/{rel}","templated":true}]}}